{"id":34,"date":"2020-10-27T07:16:38","date_gmt":"2020-10-27T06:16:38","guid":{"rendered":"http:\/\/www.autokvapil.cz\/?page_id=34"},"modified":"2020-11-03T22:07:06","modified_gmt":"2020-11-03T21:07:06","slug":"privesy","status":"publish","type":"page","link":"http:\/\/www.autokvapil.cz\/index.php\/privesy\/","title":{"rendered":"P\u0159iv\u011bsy"},"content":{"rendered":"\n<p class=\"has-text-align-center has-medium-font-size\">Skladem m\u00e1me n\u011bkolik typ\u016f p\u0159\u00edv\u011bs\u016f p\u0159ipraven\u00fdch k okam\u017eit\u00e9mu odb\u011bru. Skladov\u00e9 p\u0159\u00edv\u011bsy jsou do celkov\u00e9 hmotnosti 750kg. Ostatn\u00ed p\u0159\u00edv\u011bsy jsou na objedn\u00e1vku. Zab\u00fdv\u00e1me se z\u00e1ru\u010dn\u00edm i poz\u00e1ru\u010dn\u00edm servisem p\u0159\u00edv\u011bs\u016f a zaji\u0161t\u011bn\u00edm STK.<\/p>\n\n\n\n<p class=\"has-text-align-center has-medium-font-size\">Prod\u00e1v\u00e1me p\u0159\u00edv\u011bsy zna\u010dky Agados<\/p>\n\n\n\n<p class=\"has-text-align-center has-large-font-size\"><a href=\"www.agados.cz\">www.Agados.cz<\/a><\/p>\n","protected":false},"excerpt":{"rendered":"<p>Skladem m\u00e1me n\u011bkolik typ\u016f p\u0159\u00edv\u011bs\u016f p\u0159ipraven\u00fdch k okam\u017eit\u00e9mu odb\u011bru. Skladov\u00e9 p\u0159\u00edv\u011bsy jsou do celkov\u00e9 hmotnosti 750kg. Ostatn\u00ed p\u0159\u00edv\u011bsy jsou na objedn\u00e1vku. Zab\u00fdv\u00e1me se z\u00e1ru\u010dn\u00edm i poz\u00e1ru\u010dn\u00edm servisem p\u0159\u00edv\u011bs\u016f a zaji\u0161t\u011bn\u00edm STK. Prod\u00e1v\u00e1me p\u0159\u00edv\u011bsy zna\u010dky Agados www.Agados.cz<\/p>\n","protected":false},"author":1,"featured_media":0,"parent":0,"menu_order":0,"comment_status":"closed","ping_status":"closed","template":"","meta":[],"_links":{"self":[{"href":"http:\/\/www.autokvapil.cz\/index.php\/wp-json\/wp\/v2\/pages\/34"}],"collection":[{"href":"http:\/\/www.autokvapil.cz\/index.php\/wp-json\/wp\/v2\/pages"}],"about":[{"href":"http:\/\/www.autokvapil.cz\/index.php\/wp-json\/wp\/v2\/types\/page"}],"author":[{"embeddable":true,"href":"http:\/\/www.autokvapil.cz\/index.php\/wp-json\/wp\/v2\/users\/1"}],"replies":[{"embeddable":true,"href":"http:\/\/www.autokvapil.cz\/index.php\/wp-json\/wp\/v2\/comments?post=34"}],"version-history":[{"count":4,"href":"http:\/\/www.autokvapil.cz\/index.php\/wp-json\/wp\/v2\/pages\/34\/revisions"}],"predecessor-version":[{"id":80,"href":"http:\/\/www.autokvapil.cz\/index.php\/wp-json\/wp\/v2\/pages\/34\/revisions\/80"}],"wp:attachment":[{"href":"http:\/\/www.autokvapil.cz\/index.php\/wp-json\/wp\/v2\/media?parent=34"}],"curies":[{"name":"wp","href":"https:\/\/api.w.org\/{rel}","templated":true}]}}