{"id":17,"date":"2020-10-27T07:12:10","date_gmt":"2020-10-27T06:12:10","guid":{"rendered":"http:\/\/www.autokvapil.cz\/?page_id=17"},"modified":"2020-11-03T22:55:52","modified_gmt":"2020-11-03T21:55:52","slug":"kuriozity","status":"publish","type":"page","link":"http:\/\/www.autokvapil.cz\/index.php\/kuriozity\/","title":{"rendered":"Kuriozity"},"content":{"rendered":"\n<p class=\"has-text-align-center has-medium-font-size\">Fotky palivov\u00e9ho \u010derpadla v n\u00e1dr\u017ei Fabie 1,9diesel zanesen\u00e9ho obil\u00edm. \u017de by \u0161lo o v\u00fdrobu biopaliv rovnou nasyp\u00e1n\u00edm obil\u00ed do n\u00e1dr\u017ee?<\/p>\n\n\n\n<div class=\"wp-block-image\"><figure class=\"aligncenter size-large is-resized\"><img src=\"http:\/\/www.autokvapil.cz\/wp-content\/uploads\/1460701583_DALSIFOTO-edited.jpg\" alt=\"\" class=\"wp-image-102\" width=\"500\" srcset=\"http:\/\/www.autokvapil.cz\/wp-content\/uploads\/1460701583_DALSIFOTO-edited.jpg 899w, http:\/\/www.autokvapil.cz\/wp-content\/uploads\/1460701583_DALSIFOTO-edited-300x300.jpg 300w, http:\/\/www.autokvapil.cz\/wp-content\/uploads\/1460701583_DALSIFOTO-edited-150x150.jpg 150w, http:\/\/www.autokvapil.cz\/wp-content\/uploads\/1460701583_DALSIFOTO-edited-768x769.jpg 768w\" sizes=\"(max-width: 899px) 100vw, 899px\" \/><\/figure><\/div>\n\n\n\n<div class=\"wp-block-image\"><figure class=\"aligncenter size-large is-resized\"><img src=\"http:\/\/www.autokvapil.cz\/wp-content\/uploads\/1460701606_DALSIFOTO2-edited.jpg\" alt=\"\" class=\"wp-image-103\" width=\"500\" srcset=\"http:\/\/www.autokvapil.cz\/wp-content\/uploads\/1460701606_DALSIFOTO2-edited.jpg 899w, http:\/\/www.autokvapil.cz\/wp-content\/uploads\/1460701606_DALSIFOTO2-edited-300x300.jpg 300w, http:\/\/www.autokvapil.cz\/wp-content\/uploads\/1460701606_DALSIFOTO2-edited-150x150.jpg 150w, http:\/\/www.autokvapil.cz\/wp-content\/uploads\/1460701606_DALSIFOTO2-edited-768x769.jpg 768w\" sizes=\"(max-width: 899px) 100vw, 899px\" \/><\/figure><\/div>\n\n\n\n<p class=\"has-text-align-center has-medium-font-size\">Doporu\u010dujeme z\u00e1kazn\u00edk\u016fm ob\u010das vyhnat pavouky z motoru<\/p>\n\n\n\n<div class=\"wp-block-image\"><figure class=\"aligncenter size-large is-resized\"><img src=\"http:\/\/www.autokvapil.cz\/wp-content\/uploads\/1460701028_DSC_0276-edited.jpg\" alt=\"\" class=\"wp-image-104\" width=\"500\" srcset=\"http:\/\/www.autokvapil.cz\/wp-content\/uploads\/1460701028_DSC_0276-edited.jpg 843w, http:\/\/www.autokvapil.cz\/wp-content\/uploads\/1460701028_DSC_0276-edited-300x300.jpg 300w, http:\/\/www.autokvapil.cz\/wp-content\/uploads\/1460701028_DSC_0276-edited-150x150.jpg 150w, http:\/\/www.autokvapil.cz\/wp-content\/uploads\/1460701028_DSC_0276-edited-768x769.jpg 768w\" sizes=\"(max-width: 843px) 100vw, 843px\" \/><\/figure><\/div>\n\n\n\n<p class=\"has-text-align-center has-medium-font-size\">R\u00e1di m\u00e1v\u00e1me vlajkou Tibetu a je\u0161t\u011b rad\u011bji m\u00e1me zbo\u017e\u00ed za babku<\/p>\n\n\n\n<div class=\"wp-block-image\"><figure class=\"aligncenter size-large is-resized\"><img src=\"http:\/\/www.autokvapil.cz\/wp-content\/uploads\/1460700853_zarovka2.jpg\" alt=\"\" class=\"wp-image-90\" width=\"500\" srcset=\"http:\/\/www.autokvapil.cz\/wp-content\/uploads\/1460700853_zarovka2.jpg 800w, http:\/\/www.autokvapil.cz\/wp-content\/uploads\/1460700853_zarovka2-300x300.jpg 300w, http:\/\/www.autokvapil.cz\/wp-content\/uploads\/1460700853_zarovka2-150x150.jpg 150w, http:\/\/www.autokvapil.cz\/wp-content\/uploads\/1460700853_zarovka2-768x768.jpg 768w\" sizes=\"(max-width: 800px) 100vw, 800px\" \/><\/figure><\/div>\n\n\n\n<div class=\"wp-block-image\"><figure class=\"aligncenter size-large is-resized\"><img src=\"http:\/\/www.autokvapil.cz\/wp-content\/uploads\/1460700839_zarovka.jpg\" alt=\"\" class=\"wp-image-89\" width=\"500\" srcset=\"http:\/\/www.autokvapil.cz\/wp-content\/uploads\/1460700839_zarovka.jpg 800w, http:\/\/www.autokvapil.cz\/wp-content\/uploads\/1460700839_zarovka-300x300.jpg 300w, http:\/\/www.autokvapil.cz\/wp-content\/uploads\/1460700839_zarovka-150x150.jpg 150w, http:\/\/www.autokvapil.cz\/wp-content\/uploads\/1460700839_zarovka-768x768.jpg 768w\" sizes=\"(max-width: 800px) 100vw, 800px\" \/><\/figure><\/div>\n\n\n\n<p class=\"has-text-align-center has-medium-font-size\">My\u0161i si v motoru topen\u00ed skladuj\u00ed potravu<\/p>\n\n\n\n<div class=\"wp-block-image\"><figure class=\"aligncenter size-large is-resized\"><img src=\"http:\/\/www.autokvapil.cz\/wp-content\/uploads\/1460699965_DSC_0375-edited.jpg\" alt=\"\" class=\"wp-image-95\" width=\"500\" srcset=\"http:\/\/www.autokvapil.cz\/wp-content\/uploads\/1460699965_DSC_0375-edited.jpg 1000w, http:\/\/www.autokvapil.cz\/wp-content\/uploads\/1460699965_DSC_0375-edited-300x300.jpg 300w, http:\/\/www.autokvapil.cz\/wp-content\/uploads\/1460699965_DSC_0375-edited-150x150.jpg 150w, http:\/\/www.autokvapil.cz\/wp-content\/uploads\/1460699965_DSC_0375-edited-768x768.jpg 768w\" sizes=\"(max-width: 1000px) 100vw, 1000px\" \/><\/figure><\/div>\n\n\n\n<p class=\"has-text-align-center has-medium-font-size\">\u0160koda Felicia, z\u00e1kazn\u00edk pov\u00edd\u00e1 &#8222;vym\u011b\u0148te mi desti\u010dky, kotou\u010de ne, ty jsou je\u0161t\u011b dobr\u00fd.&#8220;<\/p>\n\n\n\n<div class=\"wp-block-image\"><figure class=\"aligncenter size-large is-resized\"><img src=\"http:\/\/www.autokvapil.cz\/wp-content\/uploads\/1393624848_kuriozity_2-edited.jpg\" alt=\"\" class=\"wp-image-122\" width=\"500\" srcset=\"http:\/\/www.autokvapil.cz\/wp-content\/uploads\/1393624848_kuriozity_2-edited.jpg 1200w, http:\/\/www.autokvapil.cz\/wp-content\/uploads\/1393624848_kuriozity_2-edited-300x300.jpg 300w, http:\/\/www.autokvapil.cz\/wp-content\/uploads\/1393624848_kuriozity_2-edited-1024x1023.jpg 1024w, http:\/\/www.autokvapil.cz\/wp-content\/uploads\/1393624848_kuriozity_2-edited-150x150.jpg 150w, http:\/\/www.autokvapil.cz\/wp-content\/uploads\/1393624848_kuriozity_2-edited-768x767.jpg 768w, http:\/\/www.autokvapil.cz\/wp-content\/uploads\/1393624848_kuriozity_2-edited-1081x1080.jpg 1081w\" sizes=\"(max-width: 1200px) 100vw, 1200px\" \/><\/figure><\/div>\n\n\n\n<div class=\"wp-block-image\"><figure class=\"aligncenter size-large is-resized\"><img src=\"http:\/\/www.autokvapil.cz\/wp-content\/uploads\/1393624756_kuriozity_1-edited-1.jpg\" alt=\"\" class=\"wp-image-106\" width=\"500\" srcset=\"http:\/\/www.autokvapil.cz\/wp-content\/uploads\/1393624756_kuriozity_1-edited-1.jpg 1200w, http:\/\/www.autokvapil.cz\/wp-content\/uploads\/1393624756_kuriozity_1-edited-1-300x300.jpg 300w, http:\/\/www.autokvapil.cz\/wp-content\/uploads\/1393624756_kuriozity_1-edited-1-1024x1024.jpg 1024w, http:\/\/www.autokvapil.cz\/wp-content\/uploads\/1393624756_kuriozity_1-edited-1-150x150.jpg 150w, http:\/\/www.autokvapil.cz\/wp-content\/uploads\/1393624756_kuriozity_1-edited-1-768x768.jpg 768w, http:\/\/www.autokvapil.cz\/wp-content\/uploads\/1393624756_kuriozity_1-edited-1-1080x1080.jpg 1080w\" sizes=\"(max-width: 1200px) 100vw, 1200px\" \/><\/figure><\/div>\n\n\n\n<p class=\"has-text-align-center has-medium-font-size\">&#8222;Po\u0161telujte mi krapet spojku, n\u011bjak h\u016f\u0159e bere.&#8220;<\/p>\n\n\n\n<div class=\"wp-block-image\"><figure class=\"aligncenter size-large is-resized\"><img src=\"http:\/\/www.autokvapil.cz\/wp-content\/uploads\/1393625219_kuriozity_3-edited.jpg\" alt=\"\" class=\"wp-image-107\" width=\"500\" srcset=\"http:\/\/www.autokvapil.cz\/wp-content\/uploads\/1393625219_kuriozity_3-edited.jpg 1200w, http:\/\/www.autokvapil.cz\/wp-content\/uploads\/1393625219_kuriozity_3-edited-300x300.jpg 300w, http:\/\/www.autokvapil.cz\/wp-content\/uploads\/1393625219_kuriozity_3-edited-1024x1024.jpg 1024w, http:\/\/www.autokvapil.cz\/wp-content\/uploads\/1393625219_kuriozity_3-edited-150x150.jpg 150w, http:\/\/www.autokvapil.cz\/wp-content\/uploads\/1393625219_kuriozity_3-edited-768x768.jpg 768w, http:\/\/www.autokvapil.cz\/wp-content\/uploads\/1393625219_kuriozity_3-edited-1080x1080.jpg 1080w\" sizes=\"(max-width: 1200px) 100vw, 1200px\" \/><\/figure><\/div>\n\n\n\n<p class=\"has-text-align-center has-medium-font-size\">&#8222;P\u0159ed opravou si auto umyjeme.&#8220;<\/p>\n\n\n\n<div class=\"wp-block-image\"><figure class=\"aligncenter size-large is-resized\"><img src=\"http:\/\/www.autokvapil.cz\/wp-content\/uploads\/1393625519_P1170045-edited.jpg\" alt=\"\" class=\"wp-image-96\" width=\"500\" srcset=\"http:\/\/www.autokvapil.cz\/wp-content\/uploads\/1393625519_P1170045-edited.jpg 1200w, http:\/\/www.autokvapil.cz\/wp-content\/uploads\/1393625519_P1170045-edited-300x300.jpg 300w, http:\/\/www.autokvapil.cz\/wp-content\/uploads\/1393625519_P1170045-edited-1024x1025.jpg 1024w, http:\/\/www.autokvapil.cz\/wp-content\/uploads\/1393625519_P1170045-edited-150x150.jpg 150w, http:\/\/www.autokvapil.cz\/wp-content\/uploads\/1393625519_P1170045-edited-768x769.jpg 768w, http:\/\/www.autokvapil.cz\/wp-content\/uploads\/1393625519_P1170045-edited-1079x1080.jpg 1079w\" sizes=\"(max-width: 1200px) 100vw, 1200px\" \/><\/figure><\/div>\n\n\n\n<div class=\"wp-block-image\"><figure class=\"aligncenter size-large is-resized\"><img src=\"http:\/\/www.autokvapil.cz\/wp-content\/uploads\/1393625490_P1170043-edited.jpg\" alt=\"\" class=\"wp-image-97\" width=\"500\" srcset=\"http:\/\/www.autokvapil.cz\/wp-content\/uploads\/1393625490_P1170043-edited.jpg 1200w, http:\/\/www.autokvapil.cz\/wp-content\/uploads\/1393625490_P1170043-edited-300x300.jpg 300w, http:\/\/www.autokvapil.cz\/wp-content\/uploads\/1393625490_P1170043-edited-1024x1025.jpg 1024w, http:\/\/www.autokvapil.cz\/wp-content\/uploads\/1393625490_P1170043-edited-150x150.jpg 150w, http:\/\/www.autokvapil.cz\/wp-content\/uploads\/1393625490_P1170043-edited-768x769.jpg 768w, http:\/\/www.autokvapil.cz\/wp-content\/uploads\/1393625490_P1170043-edited-1079x1080.jpg 1079w\" sizes=\"(max-width: 1200px) 100vw, 1200px\" \/><\/figure><\/div>\n","protected":false},"excerpt":{"rendered":"<p>Fotky palivov\u00e9ho \u010derpadla v n\u00e1dr\u017ei Fabie 1,9diesel zanesen\u00e9ho obil\u00edm. \u017de by \u0161lo o v\u00fdrobu biopaliv rovnou nasyp\u00e1n\u00edm obil\u00ed do n\u00e1dr\u017ee? Doporu\u010dujeme z\u00e1kazn\u00edk\u016fm ob\u010das vyhnat pavouky z motoru R\u00e1di m\u00e1v\u00e1me vlajkou Tibetu a je\u0161t\u011b rad\u011bji m\u00e1me zbo\u017e\u00ed za babku My\u0161i si v motoru topen\u00ed skladuj\u00ed potravu \u0160koda Felicia, z\u00e1kazn\u00edk pov\u00edd\u00e1 &#8222;vym\u011b\u0148te mi desti\u010dky, kotou\u010de ne, ty&hellip; <br \/> <a class=\"read-more\" href=\"http:\/\/www.autokvapil.cz\/index.php\/kuriozity\/\">Read more<\/a><\/p>\n","protected":false},"author":1,"featured_media":0,"parent":0,"menu_order":0,"comment_status":"closed","ping_status":"closed","template":"","meta":[],"_links":{"self":[{"href":"http:\/\/www.autokvapil.cz\/index.php\/wp-json\/wp\/v2\/pages\/17"}],"collection":[{"href":"http:\/\/www.autokvapil.cz\/index.php\/wp-json\/wp\/v2\/pages"}],"about":[{"href":"http:\/\/www.autokvapil.cz\/index.php\/wp-json\/wp\/v2\/types\/page"}],"author":[{"embeddable":true,"href":"http:\/\/www.autokvapil.cz\/index.php\/wp-json\/wp\/v2\/users\/1"}],"replies":[{"embeddable":true,"href":"http:\/\/www.autokvapil.cz\/index.php\/wp-json\/wp\/v2\/comments?post=17"}],"version-history":[{"count":10,"href":"http:\/\/www.autokvapil.cz\/index.php\/wp-json\/wp\/v2\/pages\/17\/revisions"}],"predecessor-version":[{"id":123,"href":"http:\/\/www.autokvapil.cz\/index.php\/wp-json\/wp\/v2\/pages\/17\/revisions\/123"}],"wp:attachment":[{"href":"http:\/\/www.autokvapil.cz\/index.php\/wp-json\/wp\/v2\/media?parent=17"}],"curies":[{"name":"wp","href":"https:\/\/api.w.org\/{rel}","templated":true}]}}